{"id":2575,"date":"2016-09-24T20:14:13","date_gmt":"2016-09-24T20:14:13","guid":{"rendered":"http:\/\/leandrocabral.com\/novo\/en\/?page_id=2575"},"modified":"2019-10-10T11:12:39","modified_gmt":"2019-10-10T11:12:39","slug":"alfa","status":"publish","type":"page","link":"https:\/\/leandrocabral.com.br\/en\/alfa\/","title":{"rendered":"Alfa"},"content":{"rendered":"<div class=\"wpb-content-wrapper\"><p>[vc_row full_width=&#8221;stretch_row&#8221; parallax=&#8221;content-moving&#8221; css=&#8221;.vc_custom_1474753669070{margin-top: 0px !important;margin-right: 0px !important;margin-left: 0px !important;padding-top: 310px !important;padding-bottom: 70px !important;background-image: url(http:\/\/leandrocabral.com.br\/wp-content\/uploads\/2016\/09\/IMG_6722-2.jpg?id=2578) !important;background-position: center;background-repeat: no-repeat !important;background-size: cover !important;}&#8221;][vc_column][vc_column_text]<\/p>\n<h4 style=\"text-align: center;\">&nbsp;<\/h4>\n<p>[\/vc_column_text][\/vc_column][\/vc_row][vc_row full_width=&#8221;stretch_row&#8221; css=&#8221;.vc_custom_1453743583669{margin-top: 0px !important;margin-right: 0px !important;margin-bottom: 0px !important;margin-left: 0px !important;padding-top: 40px !important;padding-bottom: 30px !important;}&#8221;][vc_column][vc_column_text]&nbsp;<\/p>\n<h1 class=\"titulos-home\" style=\"font-size: 25px; text-align: center;\">A &nbsp; L &nbsp; F &nbsp; A<\/h1>\n<p>&nbsp;<\/p>\n<hr>\n<p>&nbsp;[\/vc_column_text][vc_column_text]<\/p>\n<p style=\"text-align: justify;\"><span style=\"color: #333333;\">In his second album as leader, Leandro Cabral presents a grandious and yet introspective sound. Adding the precious acoustics of the Alfa theater, where the live recording sessions took place, to the well sedimented affinity of his trio and to the original compositions which engage on a brazilian contemporary world, Alfa is a singular album.<\/span><\/p>\n<p style=\"text-align: justify;\"><span style=\"color: #333333;\">Accompanied by young musicians of high notability in their generation \u2013 Sidiel Vieira on acoustic bass and Vitor Cabral on the drums and percussion \u2013 Leandro proposes an interaction between brazilian music, jazz improvisation and a sort of introspection from the european jazz. On the album\u2019s sole song there is the special attendance of the newly known \u201crevelation\u201d singer Vanessa Moreno and of the great saxophonist C\u00e1ssio Ferreira.<\/span><\/p>\n<p style=\"text-align: justify;\"><span style=\"color: #333333;\">Counterpoint structures, pulsating ancestral rhythmic claves, spaces and textures give their own colours. The liberty in interpreting each new performance creates a particular identity. A subtle and profound interaction occurs through a dance between the instruments and idioms. His piano has a comtemporary jazz character and some of his compositions have their roots in unusual brazilian rhythms for this ensemble such as the vassi<\/span>&nbsp;(\u201cO amor que se deu &#8211; Vassi n.2\u201d and \u201cRute e sua grandeza &#8211; Vassi n.1\u201d) and the ijex\u00e1 (\u201cAlfa\u201d)<span style=\"color: #333333;\">, both of them original from the percussive universe of Bahia. There is also space for bold arrangements of brazilian classics like &#8220;Rapaz de Bem&#8221; (Johnny Alf), &nbsp;&#8220;In\u00fatil Paisagem&#8221; (\u201cIf You Never Come to Me\u201d) and &#8220;Outra Vez&#8221; (A. C. Jobim).<\/span><\/p>\n<p style=\"text-align: justify;\"><span style=\"color: #333333;\">With absolute attention to every detail, all in all was carefully selected. The theater, the piano Steinway D Hamburg \u2013 which was chosen by Nelson Freire at the german factory \u2013 an impeccable audio capture and videos that reveal the essence of the album. Alfa opens a new path.<\/span><\/p>\n<p>[\/vc_column_text][vc_empty_space][vc_column_text]&nbsp;<\/p>\n<p>[ngg_images source=&#8221;galleries&#8221; container_ids=&#8221;18&#8243; sortorder=&#8221;372,375,366,361,363,365,376,377,378,373,367,364,369,374,370,371,381,368,380,379,362&#8243; ID=&#8221;2704&#8243; translation_id=&#8221;728&#8243; element_type=&#8221;post_displayed_gallery&#8221; element_id=&#8221;2704&#8243; trid=&#8221;1559&#8243; language_code=&#8221;en&#8221; gallery_width=&#8221;500&#8243; gallery_height=&#8221;300&#8243; cycle_effect=&#8221;fade&#8221; cycle_interval=&#8221;3&#8243; show_thumbnail_link=&#8221;0&#8243; thumbnail_link_text=&#8221;Show thumbnails&#8221; order_by=&#8221;sortorder&#8221; order_direction=&#8221;ASC&#8221; returns=&#8221;included&#8221; maximum_entity_count=&#8221;10000&#8243; display_type=&#8221;photocrati-nextgen_basic_slideshow&#8221;]<\/p>\n<p style=\"text-align: center;\">&nbsp;<\/p>\n<p style=\"text-align: center;\">Photos: <a href=\"http:\/\/www.pandalux.me\" target=\"_blank\" rel=\"noopener\">Pandalux<\/a><\/p>\n<p>[\/vc_column_text][vc_empty_space][vc_column_text]<\/p>\n<p style=\"text-align: justify;\"><span style=\"color: #333333;\">&#8220;Reflecting about the sound properties in an interview, which was later published in the book \u2018On Music\u2019, Karlheinz Stockhausen concludes that pitch was overrated during the period when the tonal music was prevalent. On the opposite pole, duration was ill-favored, maybe by the fact that the other properties presuppose it one way or another. Stockhausen denounces the misstep of this judgement, precisely because duration can bear a temporal phenomenon that is impossible for the other properties. The duration is capable of bearing silence. Silence is decisive for music. It confines initially the sound events. However, as soon as the whole of the musical play constitutes itself and intensifies itself by the aesthetical enjoyment, it is not rare for the situation to overturn, and the silences might as well act positively as the work\u2019s kernel, submitting all resound to the function of delimiting its existence. Attentive to the subtleness of this condition, Leandro Cabral allows the emptiness, the spaces and the silence to conduct ever since the composition of his pieces to their incarnation in the album that arrives. For this reason, let us also permit ourselves to be conducted and to be capable of receiving it by it.&nbsp;<\/span><\/p>\n<p style=\"text-align: justify;\"><span style=\"color: #333333;\">&#8216;Thirty convergent rays build up the wheel, but it is the central emptiness that makes it whirl (\u2026) Walls and doors build up the house, but it is the inner emptiness the makes it habitable (\u2026) The path is empty, so it can be walked, it can never be fulfilled (\u2026); empty as such, similar to a bellows, its music is inexhaustible.&#8217; Tao Te King 4, 5, 11.&#8221;<\/span><\/p>\n<p style=\"text-align: justify;\"><span style=\"color: #333333;\"><strong>Silvio Moreira &#8211;&nbsp;<\/strong><b>Aesthete and professor M.A. at<\/b><strong>&nbsp;Souza Lima &amp; Berklee faculty<\/strong><\/span><\/p>\n<hr>\n<p>[\/vc_column_text][\/vc_column][\/vc_row][vc_row css=&#8221;.vc_custom_1453743547586{margin-top: 20px !important;}&#8221;][vc_column width=&#8221;1\/2&#8243;][vc_single_image image=&#8221;2282&#8243; img_size=&#8221;240&#215;240&#8243; alignment=&#8221;right&#8221; onclick=&#8221;img_link_large&#8221; img_link_target=&#8221;_blank&#8221; el_class=&#8221;foto-capa&#8221;][\/vc_column][vc_column width=&#8221;1\/2&#8243;][vc_column_text]<\/p>\n<h1 class=\"titulos-home\" style=\"font-size: 20px; text-align: left;\">A L F A<\/h1>\n<p><span style=\"color: #333333;\">1 &nbsp;O amor que se deu &#8211; Vassi n.2 (Leandro Cabral)<\/span><\/p>\n<p><span style=\"color: #333333;\">2 &nbsp;Outra vez (A.C. Jobim)<\/span><\/p>\n<p><span style=\"color: #333333;\">3 &nbsp;Rapaz de bem (Johnny Alf)<\/span><\/p>\n<p><span style=\"color: #333333;\">4 &nbsp;Rute e sua grandeza &#8211; Vassi n.1 (Leandro Cabral)<\/span><\/p>\n<p><span style=\"color: #333333;\">5 &nbsp;A dan\u00e7a (Leandro Cabral)<\/span><\/p>\n<p><span style=\"color: #333333;\">6 &nbsp;O grande azul (Leandro Cabral)<\/span><\/p>\n<p><span style=\"color: #333333;\">7 &nbsp;Valsa do amanh\u00e3 (Leandro Cabral)<\/span><\/p>\n<p><span style=\"color: #333333;\">8 &nbsp;Alfa (Leandro Cabral) &nbsp;<\/span><\/p>\n<p><span style=\"color: #333333;\">9 &nbsp;Marcela (Leandro Cabral)<\/span><\/p>\n<p><span style=\"color: #333333;\">10 &nbsp;In\u00fatil Paisagem (A.C. Jobim)<\/span>[\/vc_column_text][vc_separator][vc_column_text]<a href=\"https:\/\/itunes.apple.com\/br\/album\/alfa-instrumental\/id1181086758?uo=4&amp;&amp;app=itunes&amp;at=10ltSd&amp;ct=LFV_7e6e5c14f6e58855553101811343f108\" target=\"_blank\" rel=\"noopener\"><img loading=\"lazy\" decoding=\"async\" class=\"alignnone wp-image-1936\" src=\"http:\/\/leandrocabral.com.br\/wp-content\/uploads\/2015\/12\/itunes-2.png\" width=\"78\" height=\"29\"><\/a>&nbsp;&nbsp;<a href=\"https:\/\/play.google.com\/store\/music\/album\/Leandro_Cabral_Trio_Alfa_Instrumental?id=Bnz5r5zizkciu6fzbqtxtsfzhe4&amp;PAffiliateID=110l55a&amp;PCamRefID=LFV_7e6e5c14f6e58855553101811343f108\" target=\"_blank\" rel=\"noopener\"><img loading=\"lazy\" decoding=\"async\" class=\"alignnone wp-image-352\" src=\"http:\/\/leandrocabral.com.br\/wp-content\/uploads\/2015\/12\/2-1.png\" width=\"76\" height=\"30\"><\/a>&nbsp;&nbsp;<\/p>\n<p><a href=\"https:\/\/open.spotify.com\/album\/4mweclBd0Knq8dne2JV5Sn?lf=02c9344467dab877e338cb28572ecb13\" target=\"_blank\" rel=\"noopener\"><img loading=\"lazy\" decoding=\"async\" class=\"alignnone wp-image-1937\" src=\"http:\/\/leandrocabral.com.br\/wp-content\/uploads\/2015\/12\/spotify-1.png\" width=\"77\" height=\"29\"><\/a>&nbsp;&nbsp;<a href=\"http:\/\/www.deezer.com\/album\/14713788?app_id=140685&amp;lf=02c9344467dab877e338cb28572ecb13\" target=\"_blank\" rel=\"noopener\"><img loading=\"lazy\" decoding=\"async\" class=\"alignnone wp-image-1935\" src=\"http:\/\/leandrocabral.com.br\/wp-content\/uploads\/2015\/12\/deezer.png\" width=\"78\" height=\"29\"><\/a>[\/vc_column_text][\/vc_column][\/vc_row][vc_row][vc_column][vc_separator][vc_row_inner][vc_column_inner width=&#8221;1\/2&#8243;][vc_column_text]<\/p>\n<h1 class=\"titulos-home\" style=\"font-size: 20px; text-align: left;\">C R E D I T S<\/h1>\n<p>[\/vc_column_text][vc_column_text]<\/p>\n<p style=\"text-align: justify;\"><span style=\"color: #333333;\">Leandro Cabral: piano<\/span><\/p>\n<p style=\"text-align: justify;\"><span style=\"color: #333333;\">Sidiel Vieira: acoustic bass<\/span><\/p>\n<p style=\"text-align: justify;\"><span style=\"color: #333333;\">Vitor Cabral: drums and percussion<\/span><\/p>\n<div>&nbsp;<\/div>\n<p>[\/vc_column_text][vc_column_text]<\/p>\n<p style=\"text-align: justify;\"><span style=\"color: #333333;\">Special Guest<\/span><\/p>\n<div>\n<p style=\"text-align: justify;\"><span style=\"color: #333333;\">Vanessa Moreno: vocal<\/span><\/p>\n<p style=\"text-align: justify;\"><span style=\"color: #333333;\">C\u00e1ssio Ferreira: soprano sax<\/span><\/p>\n<\/div>\n<p>[\/vc_column_text][vc_column_text]<\/p>\n<div class=\"page\" title=\"Page 8\">\n<div class=\"section\">\n<div class=\"layoutArea\">\n<div class=\"column\">\n<p style=\"text-align: justify;\"><span style=\"color: #333333;\">Musical production and arrangements: Leandro Cabral<\/span><\/p>\n<\/div>\n<\/div>\n<\/div>\n<\/div>\n<div>\n<div class=\"page\" title=\"Page 8\">\n<div class=\"section\">\n<div class=\"layoutArea\">\n<div class=\"column\">\n<p style=\"text-align: justify;\"><span style=\"color: #333333;\">Recorded live on january 6th, 7th, and 8th, 2016 at Teatro Alfa, S\u00e3o Paulo<\/span><\/p>\n<\/div>\n<\/div>\n<\/div>\n<\/div>\n<\/div>\n<p>[\/vc_column_text][vc_column_text]<\/p>\n<div class=\"page\" title=\"Page 4\">\n<div class=\"section\">\n<div class=\"layoutArea\">\n<div class=\"column\">\n<p style=\"text-align: justify;\"><span style=\"color: #333333;\">Executive producer: Leandro Cabral | Production assistant: Luci Tra\u00e7a and Marcela Corano | Audio: Adonias Souza J\u00fanior | Audio assistant: Daniel Tapia | Roadies: Thales Menezes, Igor Menezes and Rodolfo Radiante | Mixing and mastering: Adonias Souza J\u00fanior &#8211; Est\u00fadio Arsis | Piano maintenance and tuning: Armando Arone | Piano: Steinway D Hamburg | Light designer: Carol Autran | Photography: Ag\u00ea Barros and Rodrigo Bressane | Video: Marq Audio Visual e La Casa de la Madre | Translation and revision: Reginaldo R. Raposo | Graphic design: Denise Fujimoto<\/span><\/p>\n<div class=\"page\" title=\"Page 4\">\n<div class=\"section\">\n<div class=\"layoutArea\">\n<div class=\"column\">\n<p style=\"text-align: justify;\"><span style=\"color: #333333;\">Alfa Theater<\/span><br \/>\n<span style=\"color: #333333;\">Superintendent director: Elizabeth Machado | Operations Management: Fernando Guimar\u00e3es | Operations sub-management: Haroldo Constanzo | Technical co-ordinator: Lu\u00eds Reis | Stage Technician: William Reis | Light technicians: Yves Christian, Cl\u00e1udio Gutierres and Tiago Magro<\/span><\/p>\n<\/div>\n<\/div>\n<\/div>\n<\/div>\n<\/div>\n<\/div>\n<\/div>\n<\/div>\n<p>[\/vc_column_text][\/vc_column_inner][vc_column_inner width=&#8221;1\/2&#8243;][vc_column_text]<\/p>\n<h1 class=\"titulos-home\" style=\"font-size: 20px; text-align: left;\">C U L T U R A L &nbsp;S U P P O R T<\/h1>\n<p>[\/vc_column_text][vc_column_text]<a href=\"http:\/\/www.teatroalfa.com.br\" target=\"_blank\" rel=\"noopener\"><img loading=\"lazy\" decoding=\"async\" class=\"alignleft wp-image-2155\" src=\"http:\/\/leandrocabral.com.br\/wp-content\/uploads\/2016\/09\/teatro-alfa.jpg\" alt=\"teatro-alfa\" width=\"160\" height=\"80\"><\/a><\/p>\n<p><a href=\"http:\/\/www.pandalux.me\" target=\"_blank\" rel=\"noopener\"><img loading=\"lazy\" decoding=\"async\" class=\"alignleft wp-image-2153\" src=\"http:\/\/leandrocabral.com.br\/wp-content\/uploads\/2016\/09\/pandalux-150x150.jpg\" alt=\"pandalux\" width=\"66\" height=\"66\"><\/a><\/p>\n<p><a href=\"http:\/\/www.aronepianos.com.br\" target=\"_blank\" rel=\"noopener\"><img loading=\"lazy\" decoding=\"async\" class=\"wp-image-2159 alignleft\" src=\"http:\/\/leandrocabral.com.br\/wp-content\/uploads\/2016\/09\/logo-2-300x55.png\" alt=\"logo-2\" width=\"203\" height=\"37\" srcset=\"https:\/\/leandrocabral.com.br\/wp-content\/uploads\/2016\/09\/logo-2-300x55.png 300w, https:\/\/leandrocabral.com.br\/wp-content\/uploads\/2016\/09\/logo-2.png 600w\" sizes=\"auto, (max-width: 203px) 100vw, 203px\" \/><\/a>[\/vc_column_text][vc_column_text]<a href=\"http:\/\/www.lacasadelamadre.com.br\/en\" target=\"_blank\" rel=\"noopener\"><img loading=\"lazy\" decoding=\"async\" class=\"aligncenter wp-image-2825\" src=\"http:\/\/leandrocabral.com.br\/wp-content\/uploads\/2016\/09\/logo_preto-300x300.jpg\" alt=\"logo_preto\" width=\"64\" height=\"64\" srcset=\"https:\/\/leandrocabral.com.br\/wp-content\/uploads\/2016\/09\/logo_preto-300x300.jpg 300w, https:\/\/leandrocabral.com.br\/wp-content\/uploads\/2016\/09\/logo_preto-150x150.jpg 150w, https:\/\/leandrocabral.com.br\/wp-content\/uploads\/2016\/09\/logo_preto-768x768.jpg 768w, https:\/\/leandrocabral.com.br\/wp-content\/uploads\/2016\/09\/logo_preto.jpg 800w\" sizes=\"auto, (max-width: 64px) 100vw, 64px\" \/><\/a>[\/vc_column_text][\/vc_column_inner][\/vc_row_inner][\/vc_column][\/vc_row]<\/p>\n<p><\/p><\/div>","protected":false},"excerpt":{"rendered":"<p>[vc_row full_width=&#8221;stretch_row&#8221; parallax=&#8221;content-moving&#8221; css=&#8221;.vc_custom_1474753669070{margin-top: 0px !important;margin-right: 0px !important;margin-left: 0px !important;padding-top: 310px !important;padding-bottom: 70px !important;background-image: url(http:\/\/leandrocabral.com.br\/wp-content\/uploads\/2016\/09\/IMG_6722-2.jpg?id=2578) !important;background-position: center;background-repeat: no-repeat !important;background-size: cover !important;}&#8221;][vc_column][vc_column_text] &nbsp; [\/vc_column_text][\/vc_column][\/vc_row][vc_row full_width=&#8221;stretch_row&#8221; css=&#8221;.vc_custom_1453743583669{margin-top: 0px !important;margin-right: 0px !important;margin-bottom: 0px !important;margin-left: 0px !important;padding-top: 40px !important;padding-bottom: 30px !important;}&#8221;][vc_column][vc_column_text]&nbsp; A &nbsp; L &nbsp; F &nbsp; A &nbsp; &nbsp;[\/vc_column_text][vc_column_text] In his second album as leader, Leandro Cabral presents [&hellip;]<\/p>\n","protected":false},"author":2,"featured_media":0,"parent":0,"menu_order":0,"comment_status":"closed","ping_status":"open","template":"","meta":{"footnotes":""},"class_list":["post-2575","page","type-page","status-publish","hentry"],"_links":{"self":[{"href":"https:\/\/leandrocabral.com.br\/en\/wp-json\/wp\/v2\/pages\/2575","targetHints":{"allow":["GET"]}}],"collection":[{"href":"https:\/\/leandrocabral.com.br\/en\/wp-json\/wp\/v2\/pages"}],"about":[{"href":"https:\/\/leandrocabral.com.br\/en\/wp-json\/wp\/v2\/types\/page"}],"author":[{"embeddable":true,"href":"https:\/\/leandrocabral.com.br\/en\/wp-json\/wp\/v2\/users\/2"}],"replies":[{"embeddable":true,"href":"https:\/\/leandrocabral.com.br\/en\/wp-json\/wp\/v2\/comments?post=2575"}],"version-history":[{"count":2,"href":"https:\/\/leandrocabral.com.br\/en\/wp-json\/wp\/v2\/pages\/2575\/revisions"}],"predecessor-version":[{"id":5427,"href":"https:\/\/leandrocabral.com.br\/en\/wp-json\/wp\/v2\/pages\/2575\/revisions\/5427"}],"wp:attachment":[{"href":"https:\/\/leandrocabral.com.br\/en\/wp-json\/wp\/v2\/media?parent=2575"}],"curies":[{"name":"wp","href":"https:\/\/api.w.org\/{rel}","templated":true}]}}