{"id":2801,"date":"2016-10-10T23:54:48","date_gmt":"2016-10-10T23:54:48","guid":{"rendered":"http:\/\/leandrocabral.com\/novo\/en\/?page_id=2801"},"modified":"2019-10-07T20:14:09","modified_gmt":"2019-10-07T20:14:09","slug":"bio","status":"publish","type":"page","link":"https:\/\/leandrocabral.com.br\/en\/bio\/","title":{"rendered":"Bio"},"content":{"rendered":"<div class=\"wpb-content-wrapper\"><p>[vc_row full_width=&#8221;stretch_row&#8221; parallax=&#8221;content-moving&#8221; css=&#8221;.vc_custom_1475272206264{margin-top: 0px !important;margin-right: 0px !important;margin-bottom: 40px !important;margin-left: 0px !important;padding-top: 310px !important;padding-bottom: 20px !important;background-image: url(http:\/\/leandrocabral.com.br\/wp-content\/uploads\/2015\/12\/SiteLC_Bio-1.jpg?id=2222) !important;background-position: center;background-repeat: no-repeat !important;background-size: cover !important;}&#8221;][vc_column][vc_column_text]<\/p>\n<h4 style=\"text-align: center;\">BIO<\/h4>\n<p>[\/vc_column_text][\/vc_column][\/vc_row][vc_row full_width=&#8221;stretch_row&#8221; parallax=&#8221;content-moving-fade&#8221; css=&#8221;.vc_custom_1449798498191{margin-top: 0px !important;margin-right: 0px !important;margin-bottom: 0px !important;margin-left: 0px !important;padding-top: 30px !important;padding-bottom: 40px !important;}&#8221;][vc_column][vc_column_text]Pianist, composer and arranger, Leandro is an eminent young musician of his generation. Among shows and recordings he works with reputed singers, such as: Ed Motta, Maria Rita, Seu Jorge, Fil\u00f3 Machado, Akua Naru, Honey Larochelle (Macy Gray), Rashid, Wilson Simoninha, Paula Lima, Roberta S\u00e1, Giana Viscardi, Cynthia Utterbach, among others.<\/p>\n<p>He often performs with other musicians: Ed Neumeister (USA), Adonis Rose (USA), Lupa Santiago, S\u00e9rgio Galv\u00e3o, Edu Ribeiro, Vincent Gardner (USA), Hector Costita (ARG), David Richards (USA), Nailor Proveta, Jess\u00e9 Sadoc, Daniel D&#8217;alc\u00e2ntara, Casey Scheurell (USA), Cuca Teixeira, Fran\u00e7ois Lima, Letieres Leite, Bocato, Idriss Boudrioua (FRA), Vitor Alc\u00e2ntara, Jaques Morelenbaum, Vin\u00edcius Dorin, Walmir Gil, Luis De La Hoz (CUB), Paulinho Guitarra, Wilson Teixeira, Arismar do Esp\u00edrito Santo, Thiago do Esp\u00edrito Santo and M\u00e1rcio Montarroyos.<\/p>\n<p>In the second half of 2016, Leandro Cabral presents his new album: Alfa, recorded live at the Alfa theatre in S\u00e3o Paulo. Leandro, along with his trio, blends the improvisation from jazz in his own compositions based on less usual rhythms, such as the <i>vassi<\/i> and the <i>ijex\u00e1<\/i>, both of them original from the percussive universe of Bahia.<\/p>\n<p>He also participated, with his project \u201cLeandro Cabral Grupo celebra Moacir Santos e Letieres Leite\u201d, in the recordings of the french documentary \u201cEchoes Project\u201d (Phonographe Corp.), and received complements from Letieres himself.<\/p>\n<p>On 2015, he released his first album as a leader, called \u201cSobre Tradi\u00e7\u00e3o\u201d. The visual register gave birth to the well-known Est\u00fadio Arsis\u2019s web series \u201cArsis Piano Sessions\u201d. The series already presented episodes devoted to acclaimed keyboard musicians like Nelson Ayres, Mestrinho, Arismar do Esp\u00edrito Santo, F\u00e1bio Torres and Sa\u0161o Vollmeier.<\/p>\n<p>Currently, he collaborates in many projects by playing in numerous jazz festivals in Brazil and abroad: Ed Motta, Lupa Santiago Quartet, Deep Funk Session, Louren\u00e7o Rebetez, Daniel de Paula e a Irmandade, Jorginho Neto Collective, as well as his trio, his group and piano solo.<\/p>\n<p>Aside from teaching at the Souza Lima Conservatory, Leandro does workshops and gives conferences about jazz, brazilian music and even corporal conscience, since he is also experienced in Hatha Yoga.<\/p>\n<p>Graduated in piano at the Faculdade de Artes Alc\u00e2ntara Machado \u2013 FAAM\/FMU (2004), he studied piano, saxophone and music theory at Funda\u00e7\u00e3o das Artes de S\u00e3o Caetano do Sul during his adolescence. He learned Yoga at CEPEUSP \u2013 Universidade de S\u00e3o Paulo (2014).<\/p>\n<p>&nbsp;[\/vc_column_text][vc_row_inner][vc_column_inner][\/vc_column_inner][\/vc_row_inner][vc_row_inner][vc_column_inner][vc_single_image image=&#8221;560&#8243; img_size=&#8221;medium&#8221; alignment=&#8221;center&#8221;][\/vc_column_inner][\/vc_row_inner][\/vc_column][\/vc_row]<\/p>\n<p><\/p><\/div>","protected":false},"excerpt":{"rendered":"<p>[vc_row full_width=&#8221;stretch_row&#8221; parallax=&#8221;content-moving&#8221; css=&#8221;.vc_custom_1475272206264{margin-top: 0px !important;margin-right: 0px !important;margin-bottom: 40px !important;margin-left: 0px !important;padding-top: 310px !important;padding-bottom: 20px !important;background-image: url(http:\/\/leandrocabral.com.br\/wp-content\/uploads\/2015\/12\/SiteLC_Bio-1.jpg?id=2222) !important;background-position: center;background-repeat: no-repeat !important;background-size: cover !important;}&#8221;][vc_column][vc_column_text] BIO [\/vc_column_text][\/vc_column][\/vc_row][vc_row full_width=&#8221;stretch_row&#8221; parallax=&#8221;content-moving-fade&#8221; css=&#8221;.vc_custom_1449798498191{margin-top: 0px !important;margin-right: 0px !important;margin-bottom: 0px !important;margin-left: 0px !important;padding-top: 30px !important;padding-bottom: 40px !important;}&#8221;][vc_column][vc_column_text]Pianist, composer and arranger, Leandro is an eminent young musician of his generation. Among shows and [&hellip;]<\/p>\n","protected":false},"author":2,"featured_media":0,"parent":0,"menu_order":0,"comment_status":"closed","ping_status":"open","template":"","meta":{"footnotes":""},"class_list":["post-2801","page","type-page","status-publish","hentry"],"_links":{"self":[{"href":"https:\/\/leandrocabral.com.br\/en\/wp-json\/wp\/v2\/pages\/2801","targetHints":{"allow":["GET"]}}],"collection":[{"href":"https:\/\/leandrocabral.com.br\/en\/wp-json\/wp\/v2\/pages"}],"about":[{"href":"https:\/\/leandrocabral.com.br\/en\/wp-json\/wp\/v2\/types\/page"}],"author":[{"embeddable":true,"href":"https:\/\/leandrocabral.com.br\/en\/wp-json\/wp\/v2\/users\/2"}],"replies":[{"embeddable":true,"href":"https:\/\/leandrocabral.com.br\/en\/wp-json\/wp\/v2\/comments?post=2801"}],"version-history":[{"count":1,"href":"https:\/\/leandrocabral.com.br\/en\/wp-json\/wp\/v2\/pages\/2801\/revisions"}],"predecessor-version":[{"id":5242,"href":"https:\/\/leandrocabral.com.br\/en\/wp-json\/wp\/v2\/pages\/2801\/revisions\/5242"}],"wp:attachment":[{"href":"https:\/\/leandrocabral.com.br\/en\/wp-json\/wp\/v2\/media?parent=2801"}],"curies":[{"name":"wp","href":"https:\/\/api.w.org\/{rel}","templated":true}]}}